{"id":2726,"date":"2024-05-31T07:58:52","date_gmt":"2024-05-31T05:58:52","guid":{"rendered":"http:\/\/www.stavbyjezisek.cz\/?page_id=2726"},"modified":"2024-06-11T22:47:04","modified_gmt":"2024-06-11T20:47:04","slug":"fotogalerie","status":"publish","type":"page","link":"https:\/\/www.stavbyjezisek.cz\/?page_id=2726","title":{"rendered":"Fotogalerie"},"content":{"rendered":"","protected":false},"excerpt":{"rendered":"","protected":false},"author":1,"featured_media":0,"parent":0,"menu_order":0,"comment_status":"closed","ping_status":"closed","template":"","meta":{"footnotes":""},"class_list":["post-2726","page","type-page","status-publish","hentry"],"yoast_head":"<!-- This site is optimized with the Yoast SEO plugin v23.3 - https:\/\/yoast.com\/wordpress\/plugins\/seo\/ -->\n<title>Fotogalerie - Stavby Je\u017e\u00ed\u0161ek<\/title>\n<meta name=\"robots\" content=\"index, follow, max-snippet:-1, max-image-preview:large, max-video-preview:-1\" \/>\n<link rel=\"canonical\" href=\"https:\/\/www.stavbyjezisek.cz\/?page_id=2726\" \/>\n<meta property=\"og:locale\" content=\"cs_CZ\" \/>\n<meta property=\"og:type\" content=\"article\" \/>\n<meta property=\"og:title\" content=\"Fotogalerie - Stavby Je\u017e\u00ed\u0161ek\" \/>\n<meta property=\"og:url\" content=\"https:\/\/www.stavbyjezisek.cz\/?page_id=2726\" \/>\n<meta property=\"og:site_name\" content=\"Stavby Je\u017e\u00ed\u0161ek\" \/>\n<meta property=\"article:modified_time\" content=\"2024-06-11T20:47:04+00:00\" \/>\n<meta property=\"og:image\" content=\"https:\/\/www.stavbyjezisek.cz\/wp-content\/uploads\/Bila-cela-1-e1718125756446.png\" \/>\n\t<meta property=\"og:image:width\" content=\"200\" \/>\n\t<meta property=\"og:image:height\" content=\"73\" \/>\n\t<meta property=\"og:image:type\" content=\"image\/png\" \/>\n<meta name=\"twitter:card\" content=\"summary_large_image\" \/>\n<script type=\"application\/ld+json\" class=\"yoast-schema-graph\">{\"@context\":\"https:\/\/schema.org\",\"@graph\":[{\"@type\":\"WebPage\",\"@id\":\"https:\/\/www.stavbyjezisek.cz\/?page_id=2726\",\"url\":\"https:\/\/www.stavbyjezisek.cz\/?page_id=2726\",\"name\":\"Fotogalerie - Stavby Je\u017e\u00ed\u0161ek\",\"isPartOf\":{\"@id\":\"https:\/\/www.stavbyjezisek.cz\/#website\"},\"datePublished\":\"2024-05-31T05:58:52+00:00\",\"dateModified\":\"2024-06-11T20:47:04+00:00\",\"breadcrumb\":{\"@id\":\"https:\/\/www.stavbyjezisek.cz\/?page_id=2726#breadcrumb\"},\"inLanguage\":\"cs\",\"potentialAction\":[{\"@type\":\"ReadAction\",\"target\":[\"https:\/\/www.stavbyjezisek.cz\/?page_id=2726\"]}]},{\"@type\":\"BreadcrumbList\",\"@id\":\"https:\/\/www.stavbyjezisek.cz\/?page_id=2726#breadcrumb\",\"itemListElement\":[{\"@type\":\"ListItem\",\"position\":1,\"name\":\"Dom\u016f\",\"item\":\"https:\/\/www.stavbyjezisek.cz\/\"},{\"@type\":\"ListItem\",\"position\":2,\"name\":\"Fotogalerie\"}]},{\"@type\":\"WebSite\",\"@id\":\"https:\/\/www.stavbyjezisek.cz\/#website\",\"url\":\"https:\/\/www.stavbyjezisek.cz\/\",\"name\":\"Stavby Je\u017e\u00ed\u0161ek\",\"description\":\"+420 732 411 205 | info@StavbyJezisek.cz  | Po-P\u00e1: 9:00-17:00\",\"alternateName\":\"Ing. Petr Je\u017e\u00ed\u0161ek - odborn\u00edci na rekonstrukce, men\u0161\u00ed stavby a kovov\u00fdrobu s dlouholet\u00fdmi zku\u0161enostmi.\",\"potentialAction\":[{\"@type\":\"SearchAction\",\"target\":{\"@type\":\"EntryPoint\",\"urlTemplate\":\"https:\/\/www.stavbyjezisek.cz\/?s={search_term_string}\"},\"query-input\":\"required name=search_term_string\"}],\"inLanguage\":\"cs\"}]}<\/script>\n<!-- \/ Yoast SEO plugin. -->","yoast_head_json":{"title":"Fotogalerie - Stavby Je\u017e\u00ed\u0161ek","robots":{"index":"index","follow":"follow","max-snippet":"max-snippet:-1","max-image-preview":"max-image-preview:large","max-video-preview":"max-video-preview:-1"},"canonical":"https:\/\/www.stavbyjezisek.cz\/?page_id=2726","og_locale":"cs_CZ","og_type":"article","og_title":"Fotogalerie - Stavby Je\u017e\u00ed\u0161ek","og_url":"https:\/\/www.stavbyjezisek.cz\/?page_id=2726","og_site_name":"Stavby Je\u017e\u00ed\u0161ek","article_modified_time":"2024-06-11T20:47:04+00:00","og_image":[{"width":200,"height":73,"url":"https:\/\/www.stavbyjezisek.cz\/wp-content\/uploads\/Bila-cela-1-e1718125756446.png","type":"image\/png"}],"twitter_card":"summary_large_image","schema":{"@context":"https:\/\/schema.org","@graph":[{"@type":"WebPage","@id":"https:\/\/www.stavbyjezisek.cz\/?page_id=2726","url":"https:\/\/www.stavbyjezisek.cz\/?page_id=2726","name":"Fotogalerie - Stavby Je\u017e\u00ed\u0161ek","isPartOf":{"@id":"https:\/\/www.stavbyjezisek.cz\/#website"},"datePublished":"2024-05-31T05:58:52+00:00","dateModified":"2024-06-11T20:47:04+00:00","breadcrumb":{"@id":"https:\/\/www.stavbyjezisek.cz\/?page_id=2726#breadcrumb"},"inLanguage":"cs","potentialAction":[{"@type":"ReadAction","target":["https:\/\/www.stavbyjezisek.cz\/?page_id=2726"]}]},{"@type":"BreadcrumbList","@id":"https:\/\/www.stavbyjezisek.cz\/?page_id=2726#breadcrumb","itemListElement":[{"@type":"ListItem","position":1,"name":"Dom\u016f","item":"https:\/\/www.stavbyjezisek.cz\/"},{"@type":"ListItem","position":2,"name":"Fotogalerie"}]},{"@type":"WebSite","@id":"https:\/\/www.stavbyjezisek.cz\/#website","url":"https:\/\/www.stavbyjezisek.cz\/","name":"Stavby Je\u017e\u00ed\u0161ek","description":"+420 732 411 205 | info@StavbyJezisek.cz  | Po-P\u00e1: 9:00-17:00","alternateName":"Ing. Petr Je\u017e\u00ed\u0161ek - odborn\u00edci na rekonstrukce, men\u0161\u00ed stavby a kovov\u00fdrobu s dlouholet\u00fdmi zku\u0161enostmi.","potentialAction":[{"@type":"SearchAction","target":{"@type":"EntryPoint","urlTemplate":"https:\/\/www.stavbyjezisek.cz\/?s={search_term_string}"},"query-input":"required name=search_term_string"}],"inLanguage":"cs"}]}},"_links":{"self":[{"href":"https:\/\/www.stavbyjezisek.cz\/index.php?rest_route=\/wp\/v2\/pages\/2726","targetHints":{"allow":["GET"]}}],"collection":[{"href":"https:\/\/www.stavbyjezisek.cz\/index.php?rest_route=\/wp\/v2\/pages"}],"about":[{"href":"https:\/\/www.stavbyjezisek.cz\/index.php?rest_route=\/wp\/v2\/types\/page"}],"author":[{"embeddable":true,"href":"https:\/\/www.stavbyjezisek.cz\/index.php?rest_route=\/wp\/v2\/users\/1"}],"replies":[{"embeddable":true,"href":"https:\/\/www.stavbyjezisek.cz\/index.php?rest_route=%2Fwp%2Fv2%2Fcomments&post=2726"}],"version-history":[{"count":1,"href":"https:\/\/www.stavbyjezisek.cz\/index.php?rest_route=\/wp\/v2\/pages\/2726\/revisions"}],"predecessor-version":[{"id":2727,"href":"https:\/\/www.stavbyjezisek.cz\/index.php?rest_route=\/wp\/v2\/pages\/2726\/revisions\/2727"}],"wp:attachment":[{"href":"https:\/\/www.stavbyjezisek.cz\/index.php?rest_route=%2Fwp%2Fv2%2Fmedia&parent=2726"}],"curies":[{"name":"wp","href":"https:\/\/api.w.org\/{rel}","templated":true}]}}